{"id":20,"date":"2023-04-05T01:17:30","date_gmt":"2023-04-05T01:17:30","guid":{"rendered":"https:\/\/lobosimulador.com\/?page_id=20"},"modified":"2024-01-22T02:15:58","modified_gmt":"2024-01-22T08:15:58","slug":"ca","status":"publish","type":"page","link":"https:\/\/lobosimulador.com\/index.php\/ca\/","title":{"rendered":"\u00bfQui\u00e9nes somos?"},"content":{"rendered":"\t\t<div data-elementor-type=\"wp-page\" data-elementor-id=\"20\" class=\"elementor elementor-20\">\n\t\t\t\t\t\t<section class=\"elementor-section elementor-top-section elementor-element elementor-element-6fd6ff0 elementor-section-boxed elementor-section-height-default elementor-section-height-default\" data-id=\"6fd6ff0\" data-element_type=\"section\" data-e-type=\"section\">\n\t\t\t\t\t\t<div class=\"elementor-container elementor-column-gap-default\">\n\t\t\t\t\t<div class=\"elementor-column elementor-col-100 elementor-top-column elementor-element elementor-element-2c9c247\" data-id=\"2c9c247\" data-element_type=\"column\" data-e-type=\"column\">\n\t\t\t<div class=\"elementor-widget-wrap elementor-element-populated\">\n\t\t\t\t\t\t<div class=\"elementor-element elementor-element-b1c7d81 elementor-arrows-position-inside elementor-pagination-position-outside elementor-widget elementor-widget-image-carousel\" data-id=\"b1c7d81\" data-element_type=\"widget\" data-e-type=\"widget\" data-settings=\"{&quot;slides_to_show&quot;:&quot;1&quot;,&quot;effect&quot;:&quot;fade&quot;,&quot;speed&quot;:400,&quot;navigation&quot;:&quot;both&quot;,&quot;autoplay&quot;:&quot;yes&quot;,&quot;pause_on_hover&quot;:&quot;yes&quot;,&quot;pause_on_interaction&quot;:&quot;yes&quot;,&quot;autoplay_speed&quot;:5000,&quot;infinite&quot;:&quot;yes&quot;}\" data-widget_type=\"image-carousel.default\">\n\t\t\t\t<div class=\"elementor-widget-container\">\n\t\t\t\t\t\t\t<div class=\"elementor-image-carousel-wrapper swiper\" role=\"region\" aria-roledescription=\"carousel\" aria-label=\"Carrusel de Im\u00e1genes\" dir=\"rtl\">\n\t\t\t<div class=\"elementor-image-carousel swiper-wrapper\" aria-live=\"off\">\n\t\t\t\t\t\t\t\t<div class=\"swiper-slide\" role=\"group\" aria-roledescription=\"slide\" aria-label=\"1 de 5\"><figure class=\"swiper-slide-inner\"><img decoding=\"async\" class=\"swiper-slide-image\" src=\"https:\/\/lobosimulador.com\/wp-content\/uploads\/2023\/12\/IMG_9972-scaled-1.webp\" alt=\"IMG_9972-scaled\" \/><\/figure><\/div><div class=\"swiper-slide\" role=\"group\" aria-roledescription=\"slide\" aria-label=\"2 de 5\"><figure class=\"swiper-slide-inner\"><img decoding=\"async\" class=\"swiper-slide-image\" src=\"https:\/\/lobosimulador.com\/wp-content\/uploads\/2023\/12\/IMG_0257-1-1-scaled-1.webp\" alt=\"IMG_0257-1-1-scaled\" \/><\/figure><\/div><div class=\"swiper-slide\" role=\"group\" aria-roledescription=\"slide\" aria-label=\"3 de 5\"><figure class=\"swiper-slide-inner\"><img decoding=\"async\" class=\"swiper-slide-image\" src=\"https:\/\/lobosimulador.com\/wp-content\/uploads\/2023\/12\/IMG_9904-scaled-1.webp\" alt=\"IMG_9904-scaled\" \/><\/figure><\/div><div class=\"swiper-slide\" role=\"group\" aria-roledescription=\"slide\" aria-label=\"4 de 5\"><figure class=\"swiper-slide-inner\"><img decoding=\"async\" class=\"swiper-slide-image\" src=\"https:\/\/lobosimulador.com\/wp-content\/uploads\/2023\/12\/IMG_9949-scaled-2.webp\" alt=\"IMG_9949-scaled\" \/><\/figure><\/div><div class=\"swiper-slide\" role=\"group\" aria-roledescription=\"slide\" aria-label=\"5 de 5\"><figure class=\"swiper-slide-inner\"><img decoding=\"async\" class=\"swiper-slide-image\" src=\"https:\/\/lobosimulador.com\/wp-content\/uploads\/2023\/12\/IMG_9955-scaled-1.webp\" alt=\"IMG_9955-scaled\" \/><\/figure><\/div>\t\t\t<\/div>\n\t\t\t\t\t\t\t\t\t\t\t\t<div class=\"elementor-swiper-button elementor-swiper-button-prev\" role=\"button\" tabindex=\"0\">\n\t\t\t\t\t\t<i aria-hidden=\"true\" class=\"eicon-chevron-left\"><\/i>\t\t\t\t\t<\/div>\n\t\t\t\t\t<div class=\"elementor-swiper-button elementor-swiper-button-next\" role=\"button\" tabindex=\"0\">\n\t\t\t\t\t\t<i aria-hidden=\"true\" class=\"eicon-chevron-right\"><\/i>\t\t\t\t\t<\/div>\n\t\t\t\t\n\t\t\t\t\t\t\t\t\t<div class=\"swiper-pagination\"><\/div>\n\t\t\t\t\t\t\t\t\t<\/div>\n\t\t\t\t\t\t<\/div>\n\t\t\t\t<\/div>\n\t\t\t\t\t<\/div>\n\t\t<\/div>\n\t\t\t\t\t<\/div>\n\t\t<\/section>\n\t\t\t\t<section class=\"elementor-section elementor-top-section elementor-element elementor-element-8cdf877 elementor-section-boxed elementor-section-height-default elementor-section-height-default\" data-id=\"8cdf877\" data-element_type=\"section\" data-e-type=\"section\">\n\t\t\t\t\t\t<div class=\"elementor-container elementor-column-gap-wide\">\n\t\t\t\t\t<div class=\"elementor-column elementor-col-33 elementor-top-column elementor-element elementor-element-d503c5f\" data-id=\"d503c5f\" data-element_type=\"column\" data-e-type=\"column\">\n\t\t\t<div class=\"elementor-widget-wrap elementor-element-populated\">\n\t\t\t\t\t\t\t<\/div>\n\t\t<\/div>\n\t\t\t\t<div class=\"elementor-column elementor-col-33 elementor-top-column elementor-element elementor-element-153026a\" data-id=\"153026a\" data-element_type=\"column\" data-e-type=\"column\">\n\t\t\t<div class=\"elementor-widget-wrap elementor-element-populated\">\n\t\t\t\t\t\t<div class=\"elementor-element elementor-element-a1d47ee elementor-widget elementor-widget-heading\" data-id=\"a1d47ee\" data-element_type=\"widget\" data-e-type=\"widget\" data-widget_type=\"heading.default\">\n\t\t\t\t<div class=\"elementor-widget-container\">\n\t\t\t\t\t<h2 class=\"elementor-heading-title elementor-size-default\">\u00bfQui\u00e9nes somos?<\/h2>\t\t\t\t<\/div>\n\t\t\t\t<\/div>\n\t\t\t\t\t<\/div>\n\t\t<\/div>\n\t\t\t\t<div class=\"elementor-column elementor-col-33 elementor-top-column elementor-element elementor-element-7a90a87\" data-id=\"7a90a87\" data-element_type=\"column\" data-e-type=\"column\">\n\t\t\t<div class=\"elementor-widget-wrap\">\n\t\t\t\t\t\t\t<\/div>\n\t\t<\/div>\n\t\t\t\t\t<\/div>\n\t\t<\/section>\n\t\t\t\t<section class=\"elementor-section elementor-top-section elementor-element elementor-element-8187496 elementor-section-boxed elementor-section-height-default elementor-section-height-default\" data-id=\"8187496\" data-element_type=\"section\" data-e-type=\"section\">\n\t\t\t\t\t\t<div class=\"elementor-container elementor-column-gap-default\">\n\t\t\t\t\t<div class=\"elementor-column elementor-col-33 elementor-top-column elementor-element elementor-element-e5ce8f5\" data-id=\"e5ce8f5\" data-element_type=\"column\" data-e-type=\"column\">\n\t\t\t<div class=\"elementor-widget-wrap elementor-element-populated\">\n\t\t\t\t\t\t<div class=\"elementor-element elementor-element-d9da85f elementor-invisible elementor-widget elementor-widget-image\" data-id=\"d9da85f\" data-element_type=\"widget\" data-e-type=\"widget\" data-settings=\"{&quot;_animation&quot;:&quot;slideInUp&quot;}\" data-widget_type=\"image.default\">\n\t\t\t\t<div class=\"elementor-widget-container\">\n\t\t\t\t\t\t\t\t\t\t\t\t\t\t\t<img fetchpriority=\"high\" decoding=\"async\" width=\"300\" height=\"200\" src=\"https:\/\/lobosimulador.com\/wp-content\/uploads\/2023\/12\/IMG_0093-scaled-1-300x200.webp\" class=\"attachment-medium size-medium wp-image-2085\" alt=\"\" srcset=\"https:\/\/lobosimulador.com\/wp-content\/uploads\/2023\/12\/IMG_0093-scaled-1-300x200.webp 300w, https:\/\/lobosimulador.com\/wp-content\/uploads\/2023\/12\/IMG_0093-scaled-1-600x400.webp 600w, https:\/\/lobosimulador.com\/wp-content\/uploads\/2023\/12\/IMG_0093-scaled-1-1024x683.webp 1024w, https:\/\/lobosimulador.com\/wp-content\/uploads\/2023\/12\/IMG_0093-scaled-1-768x512.webp 768w, https:\/\/lobosimulador.com\/wp-content\/uploads\/2023\/12\/IMG_0093-scaled-1-1536x1024.webp 1536w, https:\/\/lobosimulador.com\/wp-content\/uploads\/2023\/12\/IMG_0093-scaled-1.webp 1620w\" sizes=\"(max-width: 300px) 100vw, 300px\" \/>\t\t\t\t\t\t\t\t\t\t\t\t\t\t\t<\/div>\n\t\t\t\t<\/div>\n\t\t\t\t\t<\/div>\n\t\t<\/div>\n\t\t\t\t<div class=\"elementor-column elementor-col-33 elementor-top-column elementor-element elementor-element-1f56390\" data-id=\"1f56390\" data-element_type=\"column\" data-e-type=\"column\">\n\t\t\t<div class=\"elementor-widget-wrap elementor-element-populated\">\n\t\t\t\t\t\t<div class=\"elementor-element elementor-element-ebabac7 elementor-invisible elementor-widget elementor-widget-text-editor\" data-id=\"ebabac7\" data-element_type=\"widget\" data-e-type=\"widget\" data-settings=\"{&quot;_animation&quot;:&quot;slideInUp&quot;}\" data-widget_type=\"text-editor.default\">\n\t\t\t\t<div class=\"elementor-widget-container\">\n\t\t\t\t\t\t\t\t\t<h6>\u00a0<\/h6><h6><span style=\"color: #333333;\"><strong><span class=\"WdYUQQ\">Lobosimulador es una empresa conformada por grupos de alumnos de m\u00faltiples carreras y especialidades. Estamos comprometidos con ayudar a las y los aspirantes de nivel superior a lograr su ingreso a la m\u00e1xima casa de estudios del estado de Puebla<\/span><\/strong><\/span><\/h6>\t\t\t\t\t\t\t\t<\/div>\n\t\t\t\t<\/div>\n\t\t\t\t\t<\/div>\n\t\t<\/div>\n\t\t\t\t<div class=\"elementor-column elementor-col-33 elementor-top-column elementor-element elementor-element-c2554ca\" data-id=\"c2554ca\" data-element_type=\"column\" data-e-type=\"column\">\n\t\t\t<div class=\"elementor-widget-wrap elementor-element-populated\">\n\t\t\t\t\t\t<div class=\"elementor-element elementor-element-d31ad0a elementor-invisible elementor-widget elementor-widget-image\" data-id=\"d31ad0a\" data-element_type=\"widget\" data-e-type=\"widget\" data-settings=\"{&quot;_animation&quot;:&quot;slideInUp&quot;}\" data-widget_type=\"image.default\">\n\t\t\t\t<div class=\"elementor-widget-container\">\n\t\t\t\t\t\t\t\t\t\t\t\t\t\t\t<img decoding=\"async\" width=\"300\" height=\"200\" src=\"https:\/\/lobosimulador.com\/wp-content\/uploads\/2023\/12\/IMG_9968-scaled-1-300x200.webp\" class=\"attachment-medium size-medium wp-image-2083\" alt=\"\" srcset=\"https:\/\/lobosimulador.com\/wp-content\/uploads\/2023\/12\/IMG_9968-scaled-1-300x200.webp 300w, https:\/\/lobosimulador.com\/wp-content\/uploads\/2023\/12\/IMG_9968-scaled-1-600x400.webp 600w, https:\/\/lobosimulador.com\/wp-content\/uploads\/2023\/12\/IMG_9968-scaled-1-1024x683.webp 1024w, https:\/\/lobosimulador.com\/wp-content\/uploads\/2023\/12\/IMG_9968-scaled-1-768x512.webp 768w, https:\/\/lobosimulador.com\/wp-content\/uploads\/2023\/12\/IMG_9968-scaled-1-1536x1024.webp 1536w, https:\/\/lobosimulador.com\/wp-content\/uploads\/2023\/12\/IMG_9968-scaled-1.webp 1620w\" sizes=\"(max-width: 300px) 100vw, 300px\" \/>\t\t\t\t\t\t\t\t\t\t\t\t\t\t\t<\/div>\n\t\t\t\t<\/div>\n\t\t\t\t\t<\/div>\n\t\t<\/div>\n\t\t\t\t\t<\/div>\n\t\t<\/section>\n\t\t\t\t<section class=\"elementor-section elementor-top-section elementor-element elementor-element-9f9019b elementor-section-boxed elementor-section-height-default elementor-section-height-default\" data-id=\"9f9019b\" data-element_type=\"section\" data-e-type=\"section\">\n\t\t\t\t\t\t<div class=\"elementor-container elementor-column-gap-default\">\n\t\t\t\t\t<div class=\"elementor-column elementor-col-33 elementor-top-column elementor-element elementor-element-2c40d17\" data-id=\"2c40d17\" data-element_type=\"column\" data-e-type=\"column\">\n\t\t\t<div class=\"elementor-widget-wrap elementor-element-populated\">\n\t\t\t\t\t\t<div class=\"elementor-element elementor-element-ec7c2ee elementor-invisible elementor-widget elementor-widget-image\" data-id=\"ec7c2ee\" data-element_type=\"widget\" data-e-type=\"widget\" data-settings=\"{&quot;_animation&quot;:&quot;slideInUp&quot;}\" data-widget_type=\"image.default\">\n\t\t\t\t<div class=\"elementor-widget-container\">\n\t\t\t\t\t\t\t\t\t\t\t\t\t\t\t<img decoding=\"async\" width=\"300\" height=\"200\" src=\"https:\/\/lobosimulador.com\/wp-content\/uploads\/2023\/12\/IMG_0107-1-scaled-1-300x200.webp\" class=\"attachment-medium size-medium wp-image-2090\" alt=\"\" srcset=\"https:\/\/lobosimulador.com\/wp-content\/uploads\/2023\/12\/IMG_0107-1-scaled-1-300x200.webp 300w, https:\/\/lobosimulador.com\/wp-content\/uploads\/2023\/12\/IMG_0107-1-scaled-1-600x400.webp 600w, https:\/\/lobosimulador.com\/wp-content\/uploads\/2023\/12\/IMG_0107-1-scaled-1-1024x683.webp 1024w, https:\/\/lobosimulador.com\/wp-content\/uploads\/2023\/12\/IMG_0107-1-scaled-1-768x512.webp 768w, https:\/\/lobosimulador.com\/wp-content\/uploads\/2023\/12\/IMG_0107-1-scaled-1-1536x1024.webp 1536w, https:\/\/lobosimulador.com\/wp-content\/uploads\/2023\/12\/IMG_0107-1-scaled-1.webp 1620w\" sizes=\"(max-width: 300px) 100vw, 300px\" \/>\t\t\t\t\t\t\t\t\t\t\t\t\t\t\t<\/div>\n\t\t\t\t<\/div>\n\t\t\t\t\t<\/div>\n\t\t<\/div>\n\t\t\t\t<div class=\"elementor-column elementor-col-33 elementor-top-column elementor-element elementor-element-1f81fd4\" data-id=\"1f81fd4\" data-element_type=\"column\" data-e-type=\"column\">\n\t\t\t<div class=\"elementor-widget-wrap\">\n\t\t\t\t\t\t\t<\/div>\n\t\t<\/div>\n\t\t\t\t<div class=\"elementor-column elementor-col-33 elementor-top-column elementor-element elementor-element-1daf52a\" data-id=\"1daf52a\" data-element_type=\"column\" data-e-type=\"column\">\n\t\t\t<div class=\"elementor-widget-wrap elementor-element-populated\">\n\t\t\t\t\t\t<div class=\"elementor-element elementor-element-f40c3a6 elementor-invisible elementor-widget elementor-widget-image\" data-id=\"f40c3a6\" data-element_type=\"widget\" data-e-type=\"widget\" data-settings=\"{&quot;_animation&quot;:&quot;slideInUp&quot;}\" data-widget_type=\"image.default\">\n\t\t\t\t<div class=\"elementor-widget-container\">\n\t\t\t\t\t\t\t\t\t\t\t\t\t\t\t<img loading=\"lazy\" decoding=\"async\" width=\"300\" height=\"200\" src=\"https:\/\/lobosimulador.com\/wp-content\/uploads\/2023\/12\/IMG_9946-scaled-1-300x200.webp\" class=\"attachment-medium size-medium wp-image-2082\" alt=\"\" srcset=\"https:\/\/lobosimulador.com\/wp-content\/uploads\/2023\/12\/IMG_9946-scaled-1-300x200.webp 300w, https:\/\/lobosimulador.com\/wp-content\/uploads\/2023\/12\/IMG_9946-scaled-1-600x400.webp 600w, https:\/\/lobosimulador.com\/wp-content\/uploads\/2023\/12\/IMG_9946-scaled-1-1024x683.webp 1024w, https:\/\/lobosimulador.com\/wp-content\/uploads\/2023\/12\/IMG_9946-scaled-1-768x512.webp 768w, https:\/\/lobosimulador.com\/wp-content\/uploads\/2023\/12\/IMG_9946-scaled-1-1536x1024.webp 1536w, https:\/\/lobosimulador.com\/wp-content\/uploads\/2023\/12\/IMG_9946-scaled-1.webp 1620w\" sizes=\"(max-width: 300px) 100vw, 300px\" \/>\t\t\t\t\t\t\t\t\t\t\t\t\t\t\t<\/div>\n\t\t\t\t<\/div>\n\t\t\t\t\t<\/div>\n\t\t<\/div>\n\t\t\t\t\t<\/div>\n\t\t<\/section>\n\t\t\t\t<section class=\"elementor-section elementor-top-section elementor-element elementor-element-811f0d9 elementor-section-boxed elementor-section-height-default elementor-section-height-default\" data-id=\"811f0d9\" data-element_type=\"section\" data-e-type=\"section\">\n\t\t\t\t\t\t<div class=\"elementor-container elementor-column-gap-default\">\n\t\t\t\t\t<div class=\"elementor-column elementor-col-33 elementor-top-column elementor-element elementor-element-e53baf8\" data-id=\"e53baf8\" data-element_type=\"column\" data-e-type=\"column\">\n\t\t\t<div class=\"elementor-widget-wrap elementor-element-populated\">\n\t\t\t\t\t\t<div class=\"elementor-element elementor-element-133da4b elementor-widget elementor-widget-accordion\" data-id=\"133da4b\" data-element_type=\"widget\" data-e-type=\"widget\" data-widget_type=\"accordion.default\">\n\t\t\t\t<div class=\"elementor-widget-container\">\n\t\t\t\t\t\t\t<div class=\"elementor-accordion\">\n\t\t\t\t\t\t\t<div class=\"elementor-accordion-item\">\n\t\t\t\t\t<div id=\"elementor-tab-title-2011\" class=\"elementor-tab-title\" data-tab=\"1\" role=\"button\" aria-controls=\"elementor-tab-content-2011\" aria-expanded=\"false\">\n\t\t\t\t\t\t\t\t\t\t\t\t\t<span class=\"elementor-accordion-icon elementor-accordion-icon-left\" aria-hidden=\"true\">\n\t\t\t\t\t\t\t\t\t\t\t\t\t\t\t<span class=\"elementor-accordion-icon-closed\"><i class=\"fas fa-plus\"><\/i><\/span>\n\t\t\t\t\t\t\t\t<span class=\"elementor-accordion-icon-opened\"><i class=\"fas fa-minus\"><\/i><\/span>\n\t\t\t\t\t\t\t\t\t\t\t\t\t\t<\/span>\n\t\t\t\t\t\t\t\t\t\t\t\t<a class=\"elementor-accordion-title\" tabindex=\"0\">Nuestra Inspiraci\u00f3n<\/a>\n\t\t\t\t\t<\/div>\n\t\t\t\t\t<div id=\"elementor-tab-content-2011\" class=\"elementor-tab-content elementor-clearfix\" data-tab=\"1\" role=\"region\" aria-labelledby=\"elementor-tab-title-2011\"><p class=\"_04xlpA direction-ltr align-center para-style-title\"><span class=\"WdYUQQ\">La idea del simulador del examen de admisi\u00f3n surge de la falta de herramientas de estudio y la desinformaci\u00f3n que se tiene por parte de los aspirantes.\u00a0<\/span><\/p><\/div>\n\t\t\t\t<\/div>\n\t\t\t\t\t\t\t<div class=\"elementor-accordion-item\">\n\t\t\t\t\t<div id=\"elementor-tab-title-2012\" class=\"elementor-tab-title\" data-tab=\"2\" role=\"button\" aria-controls=\"elementor-tab-content-2012\" aria-expanded=\"false\">\n\t\t\t\t\t\t\t\t\t\t\t\t\t<span class=\"elementor-accordion-icon elementor-accordion-icon-left\" aria-hidden=\"true\">\n\t\t\t\t\t\t\t\t\t\t\t\t\t\t\t<span class=\"elementor-accordion-icon-closed\"><i class=\"fas fa-plus\"><\/i><\/span>\n\t\t\t\t\t\t\t\t<span class=\"elementor-accordion-icon-opened\"><i class=\"fas fa-minus\"><\/i><\/span>\n\t\t\t\t\t\t\t\t\t\t\t\t\t\t<\/span>\n\t\t\t\t\t\t\t\t\t\t\t\t<a class=\"elementor-accordion-title\" tabindex=\"0\">Nuestro compromiso<\/a>\n\t\t\t\t\t<\/div>\n\t\t\t\t\t<div id=\"elementor-tab-content-2012\" class=\"elementor-tab-content elementor-clearfix\" data-tab=\"2\" role=\"region\" aria-labelledby=\"elementor-tab-title-2012\"><p><span class=\"WdYUQQ\">A trav\u00e9s de esta herramienta se pretende poner a prueba las aptitudes y conocimientos, que son evaluados durante el examen de admisi\u00f3n. Ofreciendo a su vez una retroalimentaci\u00f3n pregunta a pregunta, en los ex\u00e1menes generados por el lobosimulador, en \u00e1nimos de ofrecer una experiencia enriquecedora para todo aspirante.<\/span><\/p><\/div>\n\t\t\t\t<\/div>\n\t\t\t\t\t\t\t<div class=\"elementor-accordion-item\">\n\t\t\t\t\t<div id=\"elementor-tab-title-2013\" class=\"elementor-tab-title\" data-tab=\"3\" role=\"button\" aria-controls=\"elementor-tab-content-2013\" aria-expanded=\"false\">\n\t\t\t\t\t\t\t\t\t\t\t\t\t<span class=\"elementor-accordion-icon elementor-accordion-icon-left\" aria-hidden=\"true\">\n\t\t\t\t\t\t\t\t\t\t\t\t\t\t\t<span class=\"elementor-accordion-icon-closed\"><i class=\"fas fa-plus\"><\/i><\/span>\n\t\t\t\t\t\t\t\t<span class=\"elementor-accordion-icon-opened\"><i class=\"fas fa-minus\"><\/i><\/span>\n\t\t\t\t\t\t\t\t\t\t\t\t\t\t<\/span>\n\t\t\t\t\t\t\t\t\t\t\t\t<a class=\"elementor-accordion-title\" tabindex=\"0\">Nuestra Misi\u00f3n<\/a>\n\t\t\t\t\t<\/div>\n\t\t\t\t\t<div id=\"elementor-tab-content-2013\" class=\"elementor-tab-content elementor-clearfix\" data-tab=\"3\" role=\"region\" aria-labelledby=\"elementor-tab-title-2013\"><p>Proporcionar una herramienta de orientaci\u00f3n y ayuda: con el objetivo de mejorar las probabilidades de acceso del aspirante al nivel superior, mediante ex\u00e1menes de entrenamiento en cada \u00e1rea en particular.<\/p><\/div>\n\t\t\t\t<\/div>\n\t\t\t\t\t\t\t\t<\/div>\n\t\t\t\t\t\t<\/div>\n\t\t\t\t<\/div>\n\t\t\t\t\t<\/div>\n\t\t<\/div>\n\t\t\t\t<div class=\"elementor-column elementor-col-66 elementor-top-column elementor-element elementor-element-bb3fa7a\" data-id=\"bb3fa7a\" data-element_type=\"column\" data-e-type=\"column\">\n\t\t\t<div class=\"elementor-widget-wrap elementor-element-populated\">\n\t\t\t\t\t\t<div class=\"elementor-element elementor-element-e22f50c elementor-widget elementor-widget-image\" data-id=\"e22f50c\" data-element_type=\"widget\" data-e-type=\"widget\" data-widget_type=\"image.default\">\n\t\t\t\t<div class=\"elementor-widget-container\">\n\t\t\t\t\t\t\t\t\t\t\t\t\t\t\t<img loading=\"lazy\" decoding=\"async\" width=\"768\" height=\"512\" src=\"https:\/\/lobosimulador.com\/wp-content\/uploads\/2023\/12\/IMG_0082-scaled-1-768x512.webp\" class=\"attachment-medium_large size-medium_large wp-image-2084\" alt=\"\" srcset=\"https:\/\/lobosimulador.com\/wp-content\/uploads\/2023\/12\/IMG_0082-scaled-1-768x512.webp 768w, https:\/\/lobosimulador.com\/wp-content\/uploads\/2023\/12\/IMG_0082-scaled-1-300x200.webp 300w, https:\/\/lobosimulador.com\/wp-content\/uploads\/2023\/12\/IMG_0082-scaled-1-600x400.webp 600w, https:\/\/lobosimulador.com\/wp-content\/uploads\/2023\/12\/IMG_0082-scaled-1-1024x683.webp 1024w, https:\/\/lobosimulador.com\/wp-content\/uploads\/2023\/12\/IMG_0082-scaled-1-1536x1024.webp 1536w, https:\/\/lobosimulador.com\/wp-content\/uploads\/2023\/12\/IMG_0082-scaled-1.webp 1620w\" sizes=\"(max-width: 768px) 100vw, 768px\" \/>\t\t\t\t\t\t\t\t\t\t\t\t\t\t\t<\/div>\n\t\t\t\t<\/div>\n\t\t\t\t\t<\/div>\n\t\t<\/div>\n\t\t\t\t\t<\/div>\n\t\t<\/section>\n\t\t\t\t<\/div>\n\t\t","protected":false},"excerpt":{"rendered":"<p>\u00bfQui\u00e9nes somos? \u00a0 Lobosimulador es una empresa conformada por grupos de alumnos de m\u00faltiples carreras y especialidades. Estamos comprometidos con ayudar a las y los aspirantes de nivel superior a lograr su ingreso a la m\u00e1xima casa de estudios del estado de Puebla Nuestra Inspiraci\u00f3n La idea del simulador del examen de admisi\u00f3n surge de &hellip;<\/p>\n<p class=\"read-more\"> <a class=\"\" href=\"https:\/\/lobosimulador.com\/index.php\/ca\/\"> <span class=\"screen-reader-text\">\u00bfQui\u00e9nes somos?<\/span> Leer m\u00e1s &raquo;<\/a><\/p>\n","protected":false},"author":1,"featured_media":0,"parent":0,"menu_order":0,"comment_status":"closed","ping_status":"closed","template":"","meta":{"site-sidebar-layout":"no-sidebar","site-content-layout":"page-builder","ast-site-content-layout":"","site-content-style":"default","site-sidebar-style":"default","ast-global-header-display":"","ast-banner-title-visibility":"","ast-main-header-display":"","ast-hfb-above-header-display":"","ast-hfb-below-header-display":"","ast-hfb-mobile-header-display":"","site-post-title":"disabled","ast-breadcrumbs-content":"","ast-featured-img":"disabled","footer-sml-layout":"","theme-transparent-header-meta":"","adv-header-id-meta":null,"stick-header-meta":null,"header-above-stick-meta":null,"header-main-stick-meta":null,"header-below-stick-meta":null,"astra-migrate-meta-layouts":"","footnotes":""},"class_list":["post-20","page","type-page","status-publish","hentry"],"aioseo_notices":[],"jetpack_sharing_enabled":true,"_links":{"self":[{"href":"https:\/\/lobosimulador.com\/index.php\/wp-json\/wp\/v2\/pages\/20","targetHints":{"allow":["GET"]}}],"collection":[{"href":"https:\/\/lobosimulador.com\/index.php\/wp-json\/wp\/v2\/pages"}],"about":[{"href":"https:\/\/lobosimulador.com\/index.php\/wp-json\/wp\/v2\/types\/page"}],"author":[{"embeddable":true,"href":"https:\/\/lobosimulador.com\/index.php\/wp-json\/wp\/v2\/users\/1"}],"replies":[{"embeddable":true,"href":"https:\/\/lobosimulador.com\/index.php\/wp-json\/wp\/v2\/comments?post=20"}],"version-history":[{"count":96,"href":"https:\/\/lobosimulador.com\/index.php\/wp-json\/wp\/v2\/pages\/20\/revisions"}],"predecessor-version":[{"id":6153,"href":"https:\/\/lobosimulador.com\/index.php\/wp-json\/wp\/v2\/pages\/20\/revisions\/6153"}],"wp:attachment":[{"href":"https:\/\/lobosimulador.com\/index.php\/wp-json\/wp\/v2\/media?parent=20"}],"curies":[{"name":"wp","href":"https:\/\/api.w.org\/{rel}","templated":true}]}}