{"id":5153,"date":"2024-08-28T23:40:26","date_gmt":"2024-08-29T05:40:26","guid":{"rendered":"https:\/\/lobosimulador.com\/?page_id=5153"},"modified":"2025-04-28T02:31:52","modified_gmt":"2025-04-28T08:31:52","slug":"carrito","status":"publish","type":"page","link":"https:\/\/lobosimulador.com\/index.php\/carrito\/","title":{"rendered":"Carrito"},"content":{"rendered":"\n<!DOCTYPE html>\n<html lang=\"es\">\n<head>\n  <meta charset=\"UTF-8\" \/>\n  <meta name=\"viewport\" content=\"width=device-width, initial-scale=1.0\" \/>\n  <title>Instrucciones de Pago<\/title>\n  <style>\n    body {\n      font-family: Arial, sans-serif;\n      margin: 0;\n      padding: 0;\n      background-color: #f4f4f4;\n    }\n\n    .notification-box {\n      background-color: #ffffff;\n      border-radius: 10px;\n      padding: 25px;\n      width: 90%;\n      max-width: 800px;\n      margin: 20px auto;\n      box-shadow: 0 4px 12px rgba(0, 0, 0, 0.1);\n      border-left: 8px solid #2196F3;\n      text-align: center;\n      font-size: 16px;\n      color: #555;\n    }\n\n    .notification-box h2 {\n      color: #333;\n      font-size: 22px;\n      margin-bottom: 15px;\n    }\n\n    .notification-box p {\n      line-height: 1.6;\n      margin: 10px 0;\n    }\n\n    .important {\n      font-weight: bold;\n      color: #1976D2;\n    }\n\n    .highlight {\n      color: #2196F3;\n      font-weight: bold;\n    }\n\n    .row {\n      display: flex;\n      flex-wrap: wrap;\n      gap: 20px;\n      justify-content: center;\n    }\n\n    .column {\n      flex: 1 1 300px;\n      background-color: #f0f8ff;\n      padding: 15px;\n      border-radius: 8px;\n      font-size: 14px;\n      color: #333;\n      max-width: 100%;\n    }\n\n    .column h3 {\n      margin-top: 0;\n      font-size: 18px;\n      color: #1976D2;\n    }\n\n    @media (max-width: 600px) {\n      .notification-box {\n        padding: 20px 15px;\n        font-size: 15px;\n      }\n\n      .column {\n        font-size: 15px;\n      }\n    }\n  <\/style>\n<\/head>\n<body>\n  <div class=\"notification-box\">\n    <h2>\ud83d\udce2 Puedes pagar con Tarjeta de D\u00e9bito o Cr\u00e9dito, Mercado Libre, Paypal, Google Pay, Apple Pay, Transferencia o dep\u00f3sito en oxxo<\/h2>\n    <p>\ud83d\udc47\ud83d\udc47 Datos para transferencias o dep\u00f3sitos en oxxo: \u2705\ud83d\udc47\ud83d\udc47<\/p>\n\n    <div class=\"row\">\n      <div class=\"column\">\n        <h3>TRANSFERENCIA:<\/h3>\n        <p><strong>Lobosimulador:<\/strong><\/p>\n        <p><strong>Banco:<\/strong> Bancoppel<\/p>\n        <p><strong>CLABE:<\/strong> 137650102262610077<\/p>\n      <\/div>\n\n      <div class=\"column\">\n        <h3>DEP\u00d3SITO EN EFECTIVO EN OXXO:<\/h3>\n        <p><strong>Lobosimulador:<\/strong><\/p>\n        <p><strong>N\u00famero de cuenta:<\/strong> 4169160487849250\n\n<\/p>\n        <p><strong>Banco:<\/strong> Bancoppel<\/p>\n      <\/div>\n    <\/div>\n  <\/div>\n<\/body>\n<\/html>\n\n\n\n\n\n\n<div style=\"height:100px\" aria-hidden=\"true\" class=\"wp-block-spacer\"><\/div>\n\n\n\n<div class=\"wp-block-buttons is-content-justification-center is-layout-flex wp-container-core-buttons-is-layout-a89b3969 wp-block-buttons-is-layout-flex\">\n<div class=\"wp-block-button has-custom-width wp-block-button__width-50\"><a class=\"wp-block-button__link wp-element-button\" href=\"https:\/\/lobosimulador.com\/index.php\/cursos-admision-buap\/\"><strong>Ver la TIENDA<\/strong><\/a><\/div>\n<\/div>\n\n\n\n<p><\/p>\n","protected":false},"excerpt":{"rendered":"<p>Instrucciones de Pago \ud83d\udce2 Puedes pagar con Tarjeta de D\u00e9bito o Cr\u00e9dito, Mercado Libre, Paypal, Google Pay, Apple Pay, Transferencia o dep\u00f3sito en oxxo \ud83d\udc47\ud83d\udc47 Datos para transferencias o dep\u00f3sitos en oxxo: \u2705\ud83d\udc47\ud83d\udc47 TRANSFERENCIA: Lobosimulador: Banco: Bancoppel CLABE: 137650102262610077 DEP\u00d3SITO EN EFECTIVO EN OXXO: Lobosimulador: N\u00famero de cuenta: 4169160487849250 Banco: Bancoppel<\/p>\n","protected":false},"author":1,"featured_media":0,"parent":0,"menu_order":0,"comment_status":"closed","ping_status":"closed","template":"","meta":{"site-sidebar-layout":"default","site-content-layout":"","ast-site-content-layout":"default","site-content-style":"default","site-sidebar-style":"default","ast-global-header-display":"","ast-banner-title-visibility":"","ast-main-header-display":"","ast-hfb-above-header-display":"","ast-hfb-below-header-display":"","ast-hfb-mobile-header-display":"","site-post-title":"disabled","ast-breadcrumbs-content":"","ast-featured-img":"","footer-sml-layout":"","theme-transparent-header-meta":"","adv-header-id-meta":"","stick-header-meta":"","header-above-stick-meta":"","header-main-stick-meta":"","header-below-stick-meta":"","astra-migrate-meta-layouts":"set","footnotes":""},"class_list":["post-5153","page","type-page","status-publish","hentry"],"aioseo_notices":[],"jetpack_sharing_enabled":true,"_links":{"self":[{"href":"https:\/\/lobosimulador.com\/index.php\/wp-json\/wp\/v2\/pages\/5153","targetHints":{"allow":["GET"]}}],"collection":[{"href":"https:\/\/lobosimulador.com\/index.php\/wp-json\/wp\/v2\/pages"}],"about":[{"href":"https:\/\/lobosimulador.com\/index.php\/wp-json\/wp\/v2\/types\/page"}],"author":[{"embeddable":true,"href":"https:\/\/lobosimulador.com\/index.php\/wp-json\/wp\/v2\/users\/1"}],"replies":[{"embeddable":true,"href":"https:\/\/lobosimulador.com\/index.php\/wp-json\/wp\/v2\/comments?post=5153"}],"version-history":[{"count":16,"href":"https:\/\/lobosimulador.com\/index.php\/wp-json\/wp\/v2\/pages\/5153\/revisions"}],"predecessor-version":[{"id":6648,"href":"https:\/\/lobosimulador.com\/index.php\/wp-json\/wp\/v2\/pages\/5153\/revisions\/6648"}],"wp:attachment":[{"href":"https:\/\/lobosimulador.com\/index.php\/wp-json\/wp\/v2\/media?parent=5153"}],"curies":[{"name":"wp","href":"https:\/\/api.w.org\/{rel}","templated":true}]}}