{"id":2640,"date":"2024-02-26T11:37:17","date_gmt":"2024-02-26T17:37:17","guid":{"rendered":"https:\/\/lobosimulador.com\/?post_type=product&#038;p=2640"},"modified":"2026-03-30T02:31:38","modified_gmt":"2026-03-30T08:31:38","slug":"simulador-guia-y-cursos-medio-superior","status":"publish","type":"product","link":"https:\/\/lobosimulador.com\/index.php\/product\/simulador-guia-y-cursos-medio-superior\/","title":{"rendered":"Curso PRO &#8211; Preparatoria"},"content":{"rendered":"<h2 data-start=\"842\" data-end=\"898\">\ud83d\udd34 Plan PRO \u2013 Curso BUAP Preparatoria 2026 (Plan Premium)<\/h2>\n<p data-start=\"900\" data-end=\"1103\">El <strong data-start=\"903\" data-end=\"915\">Plan PRO<\/strong> es la experiencia m\u00e1s completa de preparaci\u00f3n para el examen BUAP. Est\u00e1 dise\u00f1ado para aspirantes que quieren <strong data-start=\"1025\" data-end=\"1067\">maximizar sus posibilidades de ingreso<\/strong> con todos los recursos disponibles.<\/p>\n<p data-start=\"1105\" data-end=\"1311\">Adem\u00e1s de <strong data-start=\"1115\" data-end=\"1144\">clases en vivo y grabadas<\/strong>, este plan incluye <strong data-start=\"1164\" data-end=\"1199\">gu\u00edas de estudio especializadas<\/strong>, <strong data-start=\"1201\" data-end=\"1226\">simuladores de examen<\/strong>\u00a0sin costo adicional.<\/p>\n<h3 data-start=\"1313\" data-end=\"1342\">\u00bfQu\u00e9 incluye el Plan PRO?<\/h3>\n<ul>\n<li>\u2705 Pago \u00danico<\/li>\n<\/ul>\n<ul data-start=\"1343\" data-end=\"1520\">\n<li data-start=\"1343\" data-end=\"1363\">\n<p data-start=\"1345\" data-end=\"1363\">\u2705 Clases en vivo<\/p>\n<\/li>\n<li data-start=\"1364\" data-end=\"1385\">\n<p data-start=\"1366\" data-end=\"1385\">\u2705 Clases grabadas<\/p>\n<\/li>\n<li data-start=\"1386\" data-end=\"1408\">\n<p data-start=\"1388\" data-end=\"1408\">\u2705 Gu\u00edas de estudio<\/p>\n<\/li>\n<li data-start=\"1409\" data-end=\"1436\">\n<p data-start=\"1411\" data-end=\"1436\">\u2705 Simuladores de examen<\/p>\n<\/li>\n<li data-start=\"1480\" data-end=\"1520\">\n<p data-start=\"1482\" data-end=\"1520\">\u2705 Preparaci\u00f3n integral y sin l\u00edmites<\/p>\n<\/li>\n<\/ul>\n<p data-start=\"1522\" data-end=\"1645\">\ud83d\ude80 <strong data-start=\"1525\" data-end=\"1645\">Recomendado si quieres la preparaci\u00f3n m\u00e1s completa, estrat\u00e9gica y con ventaja competitiva frente a otros aspirantes.<\/strong><\/p>\n<p><span style=\"font-size: 16px;\">Una vez realizada tu compra, se te enviar\u00e1n por correo electr\u00f3nico todas las gu\u00edas y el c\u00f3digo de acceso a todos los simuladores y los cursos<\/span><\/p>\n<p>&nbsp;<\/p>\n<p>&nbsp;<\/p>\n<p>&nbsp;<\/p>\n<p>&nbsp;<\/p>\n","protected":false},"excerpt":{"rendered":"<p>\ud83d\udd34 Plan PRO \u2013 Curso BUAP Preparatoria 2026 (Plan Premium) El Plan PRO es la experiencia m\u00e1s completa de preparaci\u00f3n para el examen BUAP. Est\u00e1 dise\u00f1ado para aspirantes que quieren maximizar sus posibilidades de ingreso con todos los recursos disponibles. Adem\u00e1s de clases en vivo y grabadas, este plan incluye gu\u00edas de estudio especializadas, simuladores &hellip;<\/p>\n<p class=\"read-more\"> <a class=\"\" href=\"https:\/\/lobosimulador.com\/index.php\/product\/simulador-guia-y-cursos-medio-superior\/\"> <span class=\"screen-reader-text\">Curso PRO &#8211; Preparatoria<\/span> Leer m\u00e1s &raquo;<\/a><\/p>\n","protected":false},"featured_media":8784,"template":"","meta":{"site-sidebar-layout":"default","site-content-layout":"","ast-site-content-layout":"default","site-content-style":"default","site-sidebar-style":"default","ast-global-header-display":"","ast-banner-title-visibility":"","ast-main-header-display":"","ast-hfb-above-header-display":"","ast-hfb-below-header-display":"","ast-hfb-mobile-header-display":"","site-post-title":"","ast-breadcrumbs-content":"","ast-featured-img":"","footer-sml-layout":"","theme-transparent-header-meta":"default","adv-header-id-meta":"","stick-header-meta":"","header-above-stick-meta":"","header-main-stick-meta":"","header-below-stick-meta":"","astra-migrate-meta-layouts":"set"},"product_brand":[],"product_cat":[57],"product_tag":[],"class_list":{"0":"post-2640","1":"product","2":"type-product","3":"status-publish","4":"has-post-thumbnail","6":"product_cat-cursos-nivel-medio-superior","7":"desktop-align-left","8":"tablet-align-left","9":"mobile-align-left","11":"first","12":"outofstock","13":"sale","14":"sold-individually","15":"shipping-taxable","16":"purchasable","17":"product-type-simple"},"aioseo_notices":[],"jetpack_sharing_enabled":true,"_links":{"self":[{"href":"https:\/\/lobosimulador.com\/index.php\/wp-json\/wp\/v2\/product\/2640","targetHints":{"allow":["GET"]}}],"collection":[{"href":"https:\/\/lobosimulador.com\/index.php\/wp-json\/wp\/v2\/product"}],"about":[{"href":"https:\/\/lobosimulador.com\/index.php\/wp-json\/wp\/v2\/types\/product"}],"version-history":[{"count":17,"href":"https:\/\/lobosimulador.com\/index.php\/wp-json\/wp\/v2\/product\/2640\/revisions"}],"predecessor-version":[{"id":8722,"href":"https:\/\/lobosimulador.com\/index.php\/wp-json\/wp\/v2\/product\/2640\/revisions\/8722"}],"wp:featuredmedia":[{"embeddable":true,"href":"https:\/\/lobosimulador.com\/index.php\/wp-json\/wp\/v2\/media\/8784"}],"wp:attachment":[{"href":"https:\/\/lobosimulador.com\/index.php\/wp-json\/wp\/v2\/media?parent=2640"}],"wp:term":[{"taxonomy":"product_brand","embeddable":true,"href":"https:\/\/lobosimulador.com\/index.php\/wp-json\/wp\/v2\/product_brand?post=2640"},{"taxonomy":"product_cat","embeddable":true,"href":"https:\/\/lobosimulador.com\/index.php\/wp-json\/wp\/v2\/product_cat?post=2640"},{"taxonomy":"product_tag","embeddable":true,"href":"https:\/\/lobosimulador.com\/index.php\/wp-json\/wp\/v2\/product_tag?post=2640"}],"curies":[{"name":"wp","href":"https:\/\/api.w.org\/{rel}","templated":true}]}}