{"id":2975,"date":"2024-03-18T18:54:36","date_gmt":"2024-03-19T00:54:36","guid":{"rendered":"https:\/\/lobosimulador.com\/?post_type=product&#038;p=2975"},"modified":"2026-01-12T16:45:31","modified_gmt":"2026-01-12T22:45:31","slug":"guia-y-simulador","status":"publish","type":"product","link":"https:\/\/lobosimulador.com\/index.php\/product\/guia-y-simulador\/","title":{"rendered":"Simuladores &#8211; Superior"},"content":{"rendered":"<p>Este paquete incluye:<\/p>\n<p><strong>1. Acceso a todos los Simuladores BUAP SUPERIOR, incluyendo \u00e1reas:\u00a0<\/strong><\/p>\n<ul>\n<li>Simulador Expresi\u00f3n sin fronteras y pensamiento global<\/li>\n<li>Simulador Razonamiento cuantitativo y an\u00e1lisis l\u00f3gico<\/li>\n<li>Simulador Ciencias Naturales y de la Salud<\/li>\n<li>Simulador Ingenier\u00eda y Ciencias Exactas<\/li>\n<li>Simulador Ciencias Sociales y Humanidades<\/li>\n<li>Simulador Econ\u00f3mico &#8211; Administrativo<\/li>\n<\/ul>\n<p>Una vez realizada tu compra, se te enviar\u00e1n por correo electr\u00f3nico el c\u00f3digo de acceso a todos los simuladores<\/p>\n","protected":false},"excerpt":{"rendered":"<p>Este paquete incluye: 1. Acceso a todos los Simuladores BUAP SUPERIOR, incluyendo \u00e1reas:\u00a0 Simulador Expresi\u00f3n sin fronteras y pensamiento global Simulador Razonamiento cuantitativo y an\u00e1lisis l\u00f3gico Simulador Ciencias Naturales y de la Salud Simulador Ingenier\u00eda y Ciencias Exactas Simulador Ciencias Sociales y Humanidades Simulador Econ\u00f3mico &#8211; Administrativo Una vez realizada tu compra, se te enviar\u00e1n &hellip;<\/p>\n<p class=\"read-more\"> <a class=\"\" href=\"https:\/\/lobosimulador.com\/index.php\/product\/guia-y-simulador\/\"> <span class=\"screen-reader-text\">Simuladores &#8211; Superior<\/span> Leer m\u00e1s &raquo;<\/a><\/p>\n","protected":false},"featured_media":8128,"template":"","meta":{"site-sidebar-layout":"default","site-content-layout":"","ast-site-content-layout":"default","site-content-style":"default","site-sidebar-style":"default","ast-global-header-display":"","ast-banner-title-visibility":"","ast-main-header-display":"","ast-hfb-above-header-display":"","ast-hfb-below-header-display":"","ast-hfb-mobile-header-display":"","site-post-title":"","ast-breadcrumbs-content":"","ast-featured-img":"","footer-sml-layout":"","theme-transparent-header-meta":"default","adv-header-id-meta":"","stick-header-meta":"","header-above-stick-meta":"","header-main-stick-meta":"","header-below-stick-meta":"","astra-migrate-meta-layouts":"set"},"product_brand":[],"product_cat":[58],"product_tag":[],"class_list":{"0":"post-2975","1":"product","2":"type-product","3":"status-publish","4":"has-post-thumbnail","6":"product_cat-guias-y-simuladores-nivel-superior","7":"desktop-align-left","8":"tablet-align-left","9":"mobile-align-left","11":"first","12":"instock","13":"sale","14":"sold-individually","15":"shipping-taxable","16":"purchasable","17":"product-type-simple"},"aioseo_notices":[],"jetpack_sharing_enabled":true,"_links":{"self":[{"href":"https:\/\/lobosimulador.com\/index.php\/wp-json\/wp\/v2\/product\/2975","targetHints":{"allow":["GET"]}}],"collection":[{"href":"https:\/\/lobosimulador.com\/index.php\/wp-json\/wp\/v2\/product"}],"about":[{"href":"https:\/\/lobosimulador.com\/index.php\/wp-json\/wp\/v2\/types\/product"}],"version-history":[{"count":19,"href":"https:\/\/lobosimulador.com\/index.php\/wp-json\/wp\/v2\/product\/2975\/revisions"}],"predecessor-version":[{"id":8129,"href":"https:\/\/lobosimulador.com\/index.php\/wp-json\/wp\/v2\/product\/2975\/revisions\/8129"}],"wp:featuredmedia":[{"embeddable":true,"href":"https:\/\/lobosimulador.com\/index.php\/wp-json\/wp\/v2\/media\/8128"}],"wp:attachment":[{"href":"https:\/\/lobosimulador.com\/index.php\/wp-json\/wp\/v2\/media?parent=2975"}],"wp:term":[{"taxonomy":"product_brand","embeddable":true,"href":"https:\/\/lobosimulador.com\/index.php\/wp-json\/wp\/v2\/product_brand?post=2975"},{"taxonomy":"product_cat","embeddable":true,"href":"https:\/\/lobosimulador.com\/index.php\/wp-json\/wp\/v2\/product_cat?post=2975"},{"taxonomy":"product_tag","embeddable":true,"href":"https:\/\/lobosimulador.com\/index.php\/wp-json\/wp\/v2\/product_tag?post=2975"}],"curies":[{"name":"wp","href":"https:\/\/api.w.org\/{rel}","templated":true}]}}