{"id":8727,"date":"2026-02-21T15:51:46","date_gmt":"2026-02-21T21:51:46","guid":{"rendered":"https:\/\/lobosimulador.com\/?post_type=product&#038;p=8727"},"modified":"2026-03-30T02:31:53","modified_gmt":"2026-03-30T08:31:53","slug":"curso-plus-preparatoria","status":"publish","type":"product","link":"https:\/\/lobosimulador.com\/index.php\/product\/curso-plus-preparatoria\/","title":{"rendered":"Curso PLUS &#8211; Preparatoria"},"content":{"rendered":"<h2 data-start=\"185\" data-end=\"227\">\ud83d\udfe1 Plan PLUS \u2013 Curso BUAP Preparatoria 2026<\/h2>\n<p data-start=\"229\" data-end=\"350\">El <strong data-start=\"232\" data-end=\"245\">Plan PLUS<\/strong> es ideal para aspirantes que buscan una preparaci\u00f3n completa y flexible para el examen de admisi\u00f3n BUAP.<\/p>\n<p data-start=\"352\" data-end=\"544\">Incluye acceso a <strong data-start=\"369\" data-end=\"387\">clases en vivo<\/strong>, donde podr\u00e1s resolver dudas en tiempo real con los profesores, as\u00ed como <strong data-start=\"461\" data-end=\"480\">clases grabadas<\/strong> para que estudies a tu ritmo y repases las veces que necesites.<\/p>\n<h3 data-start=\"546\" data-end=\"576\">\u00bfQu\u00e9 incluye el Plan PLUS?<\/h3>\n<ul data-start=\"577\" data-end=\"729\">\n<li>\u2705 Pagos Mensuales de $499<\/li>\n<li data-start=\"577\" data-end=\"597\">\n<p data-start=\"579\" data-end=\"597\">\u2705 Clases en vivo<\/p>\n<\/li>\n<li data-start=\"598\" data-end=\"619\">\n<p data-start=\"600\" data-end=\"619\">\u2705 Clases grabadas<\/p>\n<\/li>\n<\/ul>\n<p><span style=\"font-size: 16px;\">Una vez realizada tu compra, se te enviar\u00e1n por correo electr\u00f3nico el acceso al curso<\/span><\/p>\n<p>&nbsp;<\/p>\n","protected":false},"excerpt":{"rendered":"<p>\ud83d\udfe1 Plan PLUS \u2013 Curso BUAP Preparatoria 2026 El Plan PLUS es ideal para aspirantes que buscan una preparaci\u00f3n completa y flexible para el examen de admisi\u00f3n BUAP. Incluye acceso a clases en vivo, donde podr\u00e1s resolver dudas en tiempo real con los profesores, as\u00ed como clases grabadas para que estudies a tu ritmo y &hellip;<\/p>\n<p class=\"read-more\"> <a class=\"\" href=\"https:\/\/lobosimulador.com\/index.php\/product\/curso-plus-preparatoria\/\"> <span class=\"screen-reader-text\">Curso PLUS &#8211; Preparatoria<\/span> Leer m\u00e1s &raquo;<\/a><\/p>\n","protected":false},"featured_media":8782,"template":"","meta":{"site-sidebar-layout":"default","site-content-layout":"","ast-site-content-layout":"default","site-content-style":"default","site-sidebar-style":"default","ast-global-header-display":"","ast-banner-title-visibility":"","ast-main-header-display":"","ast-hfb-above-header-display":"","ast-hfb-below-header-display":"","ast-hfb-mobile-header-display":"","site-post-title":"","ast-breadcrumbs-content":"","ast-featured-img":"","footer-sml-layout":"","theme-transparent-header-meta":"default","adv-header-id-meta":"","stick-header-meta":"","header-above-stick-meta":"","header-main-stick-meta":"","header-below-stick-meta":"","astra-migrate-meta-layouts":"set"},"product_brand":[],"product_cat":[57],"product_tag":[],"class_list":{"0":"post-8727","1":"product","2":"type-product","3":"status-publish","4":"has-post-thumbnail","6":"product_cat-cursos-nivel-medio-superior","7":"desktop-align-left","8":"tablet-align-left","9":"mobile-align-left","11":"first","12":"outofstock","13":"sale","14":"sold-individually","15":"shipping-taxable","16":"purchasable","17":"product-type-simple"},"aioseo_notices":[],"jetpack_sharing_enabled":true,"_links":{"self":[{"href":"https:\/\/lobosimulador.com\/index.php\/wp-json\/wp\/v2\/product\/8727"}],"collection":[{"href":"https:\/\/lobosimulador.com\/index.php\/wp-json\/wp\/v2\/product"}],"about":[{"href":"https:\/\/lobosimulador.com\/index.php\/wp-json\/wp\/v2\/types\/product"}],"version-history":[{"count":2,"href":"https:\/\/lobosimulador.com\/index.php\/wp-json\/wp\/v2\/product\/8727\/revisions"}],"predecessor-version":[{"id":9526,"href":"https:\/\/lobosimulador.com\/index.php\/wp-json\/wp\/v2\/product\/8727\/revisions\/9526"}],"wp:featuredmedia":[{"embeddable":true,"href":"https:\/\/lobosimulador.com\/index.php\/wp-json\/wp\/v2\/media\/8782"}],"wp:attachment":[{"href":"https:\/\/lobosimulador.com\/index.php\/wp-json\/wp\/v2\/media?parent=8727"}],"wp:term":[{"taxonomy":"product_brand","embeddable":true,"href":"https:\/\/lobosimulador.com\/index.php\/wp-json\/wp\/v2\/product_brand?post=8727"},{"taxonomy":"product_cat","embeddable":true,"href":"https:\/\/lobosimulador.com\/index.php\/wp-json\/wp\/v2\/product_cat?post=8727"},{"taxonomy":"product_tag","embeddable":true,"href":"https:\/\/lobosimulador.com\/index.php\/wp-json\/wp\/v2\/product_tag?post=8727"}],"curies":[{"name":"wp","href":"https:\/\/api.w.org\/{rel}","templated":true}]}}